{"id":11,"date":"2019-06-21T08:09:41","date_gmt":"2019-06-21T08:09:41","guid":{"rendered":"http:\/\/selejtezes.hu\/?page_id=11"},"modified":"2019-06-21T08:09:41","modified_gmt":"2019-06-21T08:09:41","slug":"kapcsolat-elerhetosegek","status":"publish","type":"page","link":"https:\/\/selejtezes.hu\/index.php\/kapcsolat-elerhetosegek\/","title":{"rendered":"Kapcsolat, el\u00e9rhet\u0151s\u00e9gek"},"content":{"rendered":"<p><span style=\"font-family: Verdana, Arial, Helvetica, sans-serif; font-size: small;\">Farkas Zsolt,<br \/>\n06-70-311 3859<br \/>\nOkl. K\u00f6zleked\u00e9sm\u00e9rn\u00f6k<br \/>\nOkl. M\u00e9rn\u00f6k-Informatikus<\/span><\/p>\n<p align=\"justify\"><span style=\"color: #003333; font-family: Verdana, Arial, Helvetica, sans-serif; font-size: small;\">PULI &#8211; MTKSZ Kft.<br \/>\nPULI M\u00e9rn\u00f6ki Tan\u00e1csad\u00f3, Kereskedelmi \u00e9s Szolg\u00e1ltat\u00f3 Kft.<br \/>\n<\/span><\/p>\n<p align=\"justify\">\n<span style=\"font-family: Verdana, Arial, Helvetica, sans-serif; font-size: small;\">d\u00edjmentes felm\u00e9r\u00e9s \u00e9s \u00e1raj\u00e1nlat k\u00e9r\u00e9s, megv\u00e1s\u00e1rl\u00e1s, elsz\u00e1ll\u00edt\u00e1s<br \/>\n<a href=\"mailto:ajanlat@selejtezes.hu\">ajanlat@selejtezes.hu<\/a><\/p>\n<p>\u00e1ltal\u00e1nos k\u00e9rd\u00e9sek<br \/>\n<a href=\"mailto:info@seletezes.hu\">info@seletezes.hu<\/a><\/p>\n<p>hirdet\u00e9s a selejtezes.hu weboldalon<br \/>\n<a href=\"mailto:hirdetes@selejtezes.hu\">hirdetes@selejtezes.hu<\/a><\/span><\/p>\n","protected":false},"excerpt":{"rendered":"<p>Farkas Zsolt, 06-70-311 3859 Okl. K\u00f6zleked\u00e9sm\u00e9rn\u00f6k Okl. M\u00e9rn\u00f6k-Informatikus PULI &#8211; MTKSZ Kft. PULI M\u00e9rn\u00f6ki Tan\u00e1csad\u00f3, Kereskedelmi \u00e9s Szolg\u00e1ltat\u00f3 Kft. d\u00edjmentes felm\u00e9r\u00e9s \u00e9s \u00e1raj\u00e1nlat k\u00e9r\u00e9s, megv\u00e1s\u00e1rl\u00e1s, elsz\u00e1ll\u00edt\u00e1s ajanlat@selejtezes.hu \u00e1ltal\u00e1nos k\u00e9rd\u00e9sek info@seletezes.hu hirdet\u00e9s a selejtezes.hu weboldalon hirdetes@selejtezes.hu<\/p>\n","protected":false},"author":1,"featured_media":0,"parent":0,"menu_order":0,"comment_status":"closed","ping_status":"closed","template":"","meta":{"footnotes":""},"class_list":["post-11","page","type-page","status-publish","hentry"],"_links":{"self":[{"href":"https:\/\/selejtezes.hu\/index.php\/wp-json\/wp\/v2\/pages\/11","targetHints":{"allow":["GET"]}}],"collection":[{"href":"https:\/\/selejtezes.hu\/index.php\/wp-json\/wp\/v2\/pages"}],"about":[{"href":"https:\/\/selejtezes.hu\/index.php\/wp-json\/wp\/v2\/types\/page"}],"author":[{"embeddable":true,"href":"https:\/\/selejtezes.hu\/index.php\/wp-json\/wp\/v2\/users\/1"}],"replies":[{"embeddable":true,"href":"https:\/\/selejtezes.hu\/index.php\/wp-json\/wp\/v2\/comments?post=11"}],"version-history":[{"count":1,"href":"https:\/\/selejtezes.hu\/index.php\/wp-json\/wp\/v2\/pages\/11\/revisions"}],"predecessor-version":[{"id":12,"href":"https:\/\/selejtezes.hu\/index.php\/wp-json\/wp\/v2\/pages\/11\/revisions\/12"}],"wp:attachment":[{"href":"https:\/\/selejtezes.hu\/index.php\/wp-json\/wp\/v2\/media?parent=11"}],"curies":[{"name":"wp","href":"https:\/\/api.w.org\/{rel}","templated":true}]}}