{"id":13,"date":"2019-06-21T08:10:12","date_gmt":"2019-06-21T08:10:12","guid":{"rendered":"http:\/\/selejtezes.hu\/?page_id=13"},"modified":"2019-06-21T08:10:12","modified_gmt":"2019-06-21T08:10:12","slug":"welcome-to-selejtezes-hu","status":"publish","type":"page","link":"https:\/\/selejtezes.hu\/index.php\/welcome-to-selejtezes-hu\/","title":{"rendered":"Welcome to selejtezes.hu!"},"content":{"rendered":"<p><span style=\"font-family: Verdana, Arial, Helvetica, sans-serif; font-size: small;\">Selejtezes.hu was founded in 2002 by PULI Engineering, Trading and Consulting Ltd., with the goal to provide a common marketplace for both companies and individuals having offers for drossy materials, stuck in stocks and electronic waste recycling.<\/span><\/p>\n<p><span style=\"font-family: Verdana, Arial, Helvetica, sans-serif; font-size: small;\">People and individuals might place offers for sale of their stock on selejtezes.hu for the following reasons:<\/span><\/p>\n<ul>\n<li><span style=\"font-family: Verdana, Arial, Helvetica, sans-serif; font-size: small;\">stuck in stock (stock with high discounts)<\/span><\/li>\n<li><span style=\"font-family: Verdana, Arial, Helvetica, sans-serif; font-size: small;\">company liquidation<\/span><\/li>\n<li><span style=\"font-family: Verdana, Arial, Helvetica, sans-serif; font-size: small;\">stock for cancelled projects<\/span><\/li>\n<li><span style=\"font-family: Verdana, Arial, Helvetica, sans-serif; font-size: small;\">false manufacturing, false ordering of goods<\/span><\/li>\n<\/ul>\n<p><span style=\"font-family: Verdana, Arial, Helvetica, sans-serif; font-size: small;\">For example, the biggest sale on the past years was 18.000 litre stain, and 6 tons of M10 screw.<\/span><\/p>\n<p><span style=\"font-family: Verdana, Arial, Helvetica, sans-serif; font-size: small;\">In addition, PULI Ltd. has liquidation service for buying, transporting and disassembling used electronic equipment, like PC, Monitor, laser and inkjet printers and faxes. If you, or your company has items like these, please call us, and we will wipe them away in a professional and environment-friendly way.<\/span><\/p>\n<p><span style=\"font-family: Verdana, Arial, Helvetica, sans-serif; font-size: small;\">Disassembling is made by hand, with electronic screw driver, with special attention to components with hazardous materials. Components (Hard Disk, CD\/DVD) are taken apart as much as possible. These secondary materials are stored safely, protected against weather conditions in plastic containers. After reaching a certain amount, these materials are transported to special waste recovering companies for shredding and melting.<\/span><\/p>\n<p><span style=\"font-family: Verdana, Arial, Helvetica, sans-serif; font-size: small;\">If you are interested, do not hesitate to contact us.<\/p>\n<p>We are looking forward to hearing about you.<br \/>\n<\/span><\/p>\n<p><span style=\"font-family: Verdana, Arial, Helvetica, sans-serif; font-size: small;\"><br \/>\nFarkas Zsolt,<br \/>\n+36-70-3113859<\/span><\/p>\n<p><span style=\"font-family: Verdana, Arial, Helvetica, sans-serif; font-size: small;\">PULI &#8211; MTKSZ Kft.<br \/>\nPULI M\u00e9rn\u00f6ki Tan\u00e1csad\u00f3, Kereskedelmi \u00e9s Szolg\u00e1ltat\u00f3 Kft.,<br \/>\nPULI Engineering, Trading and Consulting Ltd.,<br \/>\nFax: +36-26-560-209<\/span><\/p>\n<p><span style=\"font-family: Verdana, Arial, Helvetica, sans-serif; font-size: small;\">buying, transporting e-waste:<br \/>\najanlat@selejtezes.hu<\/span><\/p>\n<p><span style=\"font-family: Verdana, Arial, Helvetica, sans-serif; font-size: small;\">general questions:<br \/>\ninfo@seletezes.hu<\/span><\/p>\n","protected":false},"excerpt":{"rendered":"<p>Selejtezes.hu was founded in 2002 by PULI Engineering, Trading and Consulting Ltd., with the goal to provide a common marketplace for both companies and individuals having offers for drossy materials, stuck in stocks and electronic waste recycling. People and individuals might place offers for sale of their stock on selejtezes.hu for the following reasons: stuck [&hellip;]<\/p>\n","protected":false},"author":1,"featured_media":0,"parent":0,"menu_order":0,"comment_status":"closed","ping_status":"closed","template":"","meta":{"footnotes":""},"class_list":["post-13","page","type-page","status-publish","hentry"],"_links":{"self":[{"href":"https:\/\/selejtezes.hu\/index.php\/wp-json\/wp\/v2\/pages\/13","targetHints":{"allow":["GET"]}}],"collection":[{"href":"https:\/\/selejtezes.hu\/index.php\/wp-json\/wp\/v2\/pages"}],"about":[{"href":"https:\/\/selejtezes.hu\/index.php\/wp-json\/wp\/v2\/types\/page"}],"author":[{"embeddable":true,"href":"https:\/\/selejtezes.hu\/index.php\/wp-json\/wp\/v2\/users\/1"}],"replies":[{"embeddable":true,"href":"https:\/\/selejtezes.hu\/index.php\/wp-json\/wp\/v2\/comments?post=13"}],"version-history":[{"count":1,"href":"https:\/\/selejtezes.hu\/index.php\/wp-json\/wp\/v2\/pages\/13\/revisions"}],"predecessor-version":[{"id":14,"href":"https:\/\/selejtezes.hu\/index.php\/wp-json\/wp\/v2\/pages\/13\/revisions\/14"}],"wp:attachment":[{"href":"https:\/\/selejtezes.hu\/index.php\/wp-json\/wp\/v2\/media?parent=13"}],"curies":[{"name":"wp","href":"https:\/\/api.w.org\/{rel}","templated":true}]}}