{"id":7,"date":"2019-06-21T08:08:44","date_gmt":"2019-06-21T08:08:44","guid":{"rendered":"http:\/\/selejtezes.hu\/?page_id=7"},"modified":"2019-06-21T08:08:44","modified_gmt":"2019-06-21T08:08:44","slug":"mi-is-az-a-selejtezes-hu","status":"publish","type":"page","link":"https:\/\/selejtezes.hu\/","title":{"rendered":"Mi is az a selejtezes.hu?"},"content":{"rendered":"<p align=\"justify\"><span style=\"color: #003333; font-family: Verdana, Arial, Helvetica, sans-serif; font-size: small;\">A selejtezes.hu oldalt a\u00a0<em><strong>PULI M\u00e9rn\u00f6ki Tan\u00e1csad\u00f3 Kereskedelmi \u00e9s Szolg\u00e1ltat\u00f3 Bt<\/strong><\/em><strong>.<\/strong>\u00a0hozta l\u00e9tre m\u00e9g 2002-ben. Az oldal c\u00e9lja, hogy \u00f6sszegy\u0171jtse \u00e9s egy helyen hozz\u00e1f\u00e9rhet\u0151v\u00e9 tegye a selejtez\u00e9st, ki\u00e1rus\u00edt\u00e1st tart\u00f3 mag\u00e1nszem\u00e9lyek, c\u00e9gek aktu\u00e1lis aj\u00e1nlatait.<\/p>\n<p>Az oldalhoz szorosan kapcsol\u00f3dik a PULI-MTKSZ (imm\u00e1ron) Kft. likvid\u00e1ci\u00f3s tev\u00e9kenys\u00e9ge, melynek keret\u00e9ben megv\u00e1s\u00e1rolja, elsz\u00e1ll\u00edtja, \u00e9s feldolgozza a haszn\u00e1laton k\u00edv\u00fcli, leselejtezett sz\u00e1m\u00edt\u00e1stechnikai \u00e9s telekommunik\u00e1ci\u00f3s eszk\u00f6z\u00f6ket (e-hullad\u00e9kot). B\u0151vebb inform\u00e1ci\u00f3t a\u00a0<a href=\"http:\/\/selejtezes.hu\/old\/index.php?todo=selejtezes\"><strong>selejtez\u00e9s, sz\u00e1ll\u00edt\u00e1s, megsemmis\u00edt\u00e9s<\/strong><\/a>\u00a0pont alatt tal\u00e1lhat.<\/p>\n<p><\/span><span style=\"color: #003333; font-family: Verdana, Arial, Helvetica, sans-serif; font-size: small;\">Az oldalon lehet\u0151s\u00e9g van konkr\u00e9t \u00e1rucikkek (aj\u00e1nlatok) meghirdet\u00e9s\u00e9re, melyek oka jellemz\u0151en az al\u00e1bbi lehet:<\/span><\/p>\n<ul>\n<li><span style=\"color: #003333; font-family: Verdana, Arial, Helvetica, sans-serif; font-size: small;\">term\u00e9k kifuttat\u00e1s,<\/span><\/li>\n<li><span style=\"color: #003333; font-family: Verdana, Arial, Helvetica, sans-serif; font-size: small;\">elfekv\u0151 rakt\u00e1rk\u00e9szlet \u00e9rt\u00e9kes\u00edt\u00e9s,<\/span><\/li>\n<li><span style=\"color: #003333; font-family: Verdana, Arial, Helvetica, sans-serif; font-size: small;\">selejtez\u00e9s,<\/span><\/li>\n<li><span style=\"color: #003333; font-family: Verdana, Arial, Helvetica, sans-serif; font-size: small;\">c\u00e9g felsz\u00e1mol\u00e1s,<\/span><\/li>\n<li><span style=\"color: #003333; font-family: Verdana, Arial, Helvetica, sans-serif; font-size: small;\">visszamondott projekt mardv\u00e1ny\u00e1nak \u00e9rt\u00e9kes\u00edt\u00e9se<\/span><\/li>\n<li><span style=\"color: #003333; font-family: Verdana, Arial, Helvetica, sans-serif; font-size: small;\">t\u00e9ves, hib\u00e1s gy\u00e1rt\u00e1s,<\/span><\/li>\n<li><span style=\"color: #003333; font-family: Verdana, Arial, Helvetica, sans-serif; font-size: small;\">t\u00e9ves, hib\u00e1s beszerz\u00e9s<\/span><\/li>\n<li><span style=\"color: #003333; font-family: Verdana, Arial, Helvetica, sans-serif; font-size: small;\">profilv\u00e1lt\u00e1s,\u00a0<\/span><span style=\"color: #003333; font-family: Verdana, Arial, Helvetica, sans-serif; font-size: small;\">stb.<\/span><\/li>\n<\/ul>\n<p align=\"justify\"><span style=\"color: #003333; font-family: Verdana, Arial, Helvetica, sans-serif; font-size: small;\">P\u00e9ldak\u00e9nt megeml\u00edtj\u00fck az eddigi k\u00e9t legnagyobb aj\u00e1nlatot, melyek\u00a0<strong>18.000 liter fest\u00e9ket \u00e9s hat tonna M10-es csavart tartalmaztak<\/strong>.<\/span><\/p>\n<p align=\"justify\"><span style=\"color: #003333; font-family: Verdana, Arial, Helvetica, sans-serif; font-size: small;\"><b><span style=\"font-size: medium;\">Apr\u00f3hi<\/span><\/b><span style=\"font-size: medium;\"><b>rdet\u00e9st a selejtezes.hu oldalon nem lehet elhelyezni. Az apr\u00f3hirdet\u00e9seket minden tov\u00e1bbi \u00e9rtes\u00edt\u00e9s n\u00e9lk\u00fcl t\u00f6r\u00f6lj\u00fck.<\/b><\/span><\/span><span style=\"color: #003333; font-family: Verdana, Arial, Helvetica, sans-serif; font-size: small;\"><\/p>\n<p>Amennyiben \u00d6n bizonytalan, hogy az aj\u00e1nlata vagy esem\u00e9nye elhelyezhet\u0151-e vagy sem, nyugodtan \u00edrjon nek\u00fcnk:\u00a0<a href=\"mailto:selejtezes@orangedream.hu\">info@selejtezes.hu<\/a><\/span><\/p>\n<p align=\"justify\"><span style=\"color: #003333; font-family: Verdana, Arial, Helvetica, sans-serif; font-size: small;\"><b><br \/>\n\u00daj aj\u00e1nlat elhelyez\u00e9se &#8211; hogyan?<\/b><\/span><\/p>\n<p align=\"justify\"><span style=\"color: #003333; font-family: Verdana, Arial, Helvetica, sans-serif; font-size: small;\">K\u00e9rj\u00fck v\u00e1lassza a bal oldal men\u00fc sor\u00a0<strong>&#8216;aj\u00e1nlat felvitele&#8217;<\/strong>\u00a0men\u00fc pontj\u00e1t, \u00e9rtelemszer\u0171en t\u00f6ltse ki az \u0171rlapot \u00e9s k\u00f6vesse az utas\u00edt\u00e1sokat. Felh\u00edvn\u00e1nk figyelm\u00e9t, hogy az elhelyez\u00e9s el\u0151tt \u00d6nnek regisztr\u00e1lnia kell mag\u00e1t oldalunkon (<strong>&#8216;regisztr\u00e1ci\u00f3&#8217;<\/strong>) melyhez egy e-mail c\u00edmre lesz sz\u00fcks\u00e9ge. Amennyiben ezzel m\u00e9g nem rendelkezik, k\u00e9rj\u00fck l\u00e1togasson el az al\u00e1bbi c\u00edmek valamelyik\u00e9re:<\/span><\/p>\n<div align=\"justify\">\n<table border=\"0\" width=\"35%\" align=\"center\">\n<tbody>\n<tr>\n<td>\n<div align=\"center\"><span style=\"color: #003333; font-family: Verdana, Arial, Helvetica, sans-serif; font-size: small;\"><b>Magyar nyelv\u0171<\/b><\/span><\/div>\n<\/td>\n<td>\n<div align=\"center\"><span style=\"color: #003333; font-family: Verdana, Arial, Helvetica, sans-serif; font-size: small;\"><b>Angol nyelv\u0171<\/b><\/span><\/div>\n<\/td>\n<\/tr>\n<tr>\n<td>\n<div align=\"center\"><span style=\"color: #003333; font-family: Verdana, Arial, Helvetica, sans-serif; font-size: small;\"><a href=\"http:\/\/freemail.hu\/\" target=\"_blank\" rel=\"noopener noreferrer\">freemail.hu<\/a><\/span><\/div>\n<\/td>\n<td>\n<div align=\"center\"><span style=\"color: #003333; font-family: Verdana, Arial, Helvetica, sans-serif; font-size: small;\"><a href=\"http:\/\/hotmail.com\/\" target=\"_blank\" rel=\"noopener noreferrer\">hotmail.com<\/a><\/span><\/div>\n<\/td>\n<\/tr>\n<tr>\n<td>\n<div align=\"center\"><span style=\"color: #003333; font-family: Verdana, Arial, Helvetica, sans-serif; font-size: small;\"><a href=\"http:\/\/primposta.hu\/\" target=\"_blank\" rel=\"noopener noreferrer\">primposta.hu<\/a><\/span><\/div>\n<\/td>\n<td>\n<div align=\"center\"><span style=\"color: #003333; font-family: Verdana, Arial, Helvetica, sans-serif; font-size: small;\"><a href=\"http:\/\/gmail.com\/\" target=\"_blank\" rel=\"noopener noreferrer\">gmail.com<\/a><\/span><\/div>\n<\/td>\n<\/tr>\n<\/tbody>\n<\/table>\n<p><span style=\"color: #003333; font-family: Verdana, Arial, Helvetica, sans-serif; font-size: small;\"><b>\u00daj aj\u00e1nlat elhelyez\u00e9se &#8211; mennyi\u00e9rt?<\/b><\/span><\/div>\n<p align=\"justify\"><span style=\"color: #003333; font-family: Verdana, Arial, Helvetica, sans-serif; font-size: small;\">Aj\u00e1nlat elhelyez\u00e9se tov\u00e1bbra is\u00a0<b>ingyenes<\/b>, az aj\u00e1nlat minim\u00e1lis elhelyez\u00e9si ideje 1 h\u00e9t, maxim\u00e1lis elhelyez\u00e9si ideje 6 h\u00f3nap.<\/span><\/p>\n<p align=\"justify\"><span style=\"color: #003333; font-family: Verdana, Arial, Helvetica, sans-serif; font-size: small;\"><b><br \/>\nEgy\u00e9b hirdet\u00e9si lehet\u0151s\u00e9gek?<\/b><\/span><\/p>\n<p align=\"justify\"><span style=\"color: #003333; font-family: Verdana, Arial, Helvetica, sans-serif; font-size: small;\">Lehet\u0151s\u00e9g van a f\u0151oldalon \u00fan. szponzor\u00e1lt hirdet\u00e9s megjelen\u00edt\u00e9s\u00e9re (468*60 banner m\u00e9ret) melynek nap hirdet\u00e9si k\u00f6lts\u00e9ge 400 Ft+\ufffdFA. A hirdet\u00e9s param\u00e9tereit a megrendel\u0151 hat\u00e1rozza meg, b\u0151vebb inform\u00e1ci\u00f3:\u00a0<a href=\"mailto:hirdetes@selejtezes.hu\">hirdetes@selejtezes.hu<\/a><\/span><\/p>\n<p align=\"justify\"><span style=\"color: #003333; font-family: Verdana, Arial, Helvetica, sans-serif; font-size: small;\"><b><br \/>\nK\u00e9rd\u00e9sek?<\/b><\/span><\/p>\n<p align=\"justify\"><span style=\"color: #003333; font-family: Verdana, Arial, Helvetica, sans-serif; font-size: small;\">K\u00e9rd\u00e9s\u00e9vel forduljon nyugodtan munkat\u00e1rsainkhoz az\u00a0<a href=\"mailto:selejtezes@orangedream.hu\">info@selejtezes.hu<\/a>emailc\u00edmen.<\/span><\/p>\n<div align=\"justify\"><span style=\"color: #003333; font-family: Verdana, Arial, Helvetica, sans-serif; font-size: small;\"><b><br \/>\nMegjegyz\u00e9sek?<\/b><\/span><\/div>\n<p align=\"justify\"><span style=\"color: #003333; font-family: Verdana, Arial, Helvetica, sans-serif; font-size: small;\">Az\u00a0<em>PULI M\u00e9rn\u00f6ki Tan\u00e1csad\u00f3 Kereskedelmi \u00e9s Szolg\u00e1ltat\u00f3 Kft.<\/em>. az aj\u00e1nlatok \u00e9s esem\u00e9nyek tartalm\u00e1t nem ellen\u0151rzi, \u00edgy azok tartalm\u00e1\u00e9rt felel\u0151ss\u00e9get nem v\u00e1llal. A mindenkori anyagi, erk\u00f6lcsi \u00e9s jogi felel\u0151ss\u00e9get az aj\u00e1nlat vagy esem\u00e9ny felad\u00f3ja viseli.<\/span><\/p>\n<p align=\"justify\"><span style=\"color: #003333; font-family: Verdana, Arial, Helvetica, sans-serif; font-size: small;\">Az\u00a0<em>PULI M\u00e9rn\u00f6ki Tan\u00e1csad\u00f3 Kereskedelmi \u00e9s Szolg\u00e1ltat\u00f3 Kft.<\/em>. fenntartja mag\u00e1nak a jogot, hogy a hat\u00e1lyos t\u00f6rv\u00e9nyeket, k\u00f6zizl\u00e9st, vagy a fent t\u00e1masztott formai \u00e9s tartalmi megk\u00f6t\u00e9seket s\u00e9rt\u0151 aj\u00e1nlatok \u00e9s esem\u00e9nyek rendszerben t\u00f6rt\u00e9n\u0151 elhelyez\u00e9s\u00e9t megtagadja, a m\u00e1r r\u00f6gz\u00edtett aj\u00e1nlatokat \u00e9s esem\u00e9nyeket \u00e9rtes\u00edt\u00e9s n\u00e9lk\u00fcl t\u00f6r\u00f6lje.<\/span><\/p>\n<p align=\"justify\"><span style=\"color: #003333; font-family: Verdana, Arial, Helvetica, sans-serif; font-size: small;\">\u00a9 PULI M\u00e9rn\u00f6ki Tan\u00e1csad\u00f3 Kereskedelmi \u00e9s Szolg\u00e1ltat\u00f3 Kft.<br \/>\n<a href=\"http:\/\/www.puli.co.hu\/\">www.puli.co.hu<\/a><br \/>\nMinden jog fenntartva. 2000-2019<\/span><\/p>\n","protected":false},"excerpt":{"rendered":"<p>A selejtezes.hu oldalt a\u00a0PULI M\u00e9rn\u00f6ki Tan\u00e1csad\u00f3 Kereskedelmi \u00e9s Szolg\u00e1ltat\u00f3 Bt.\u00a0hozta l\u00e9tre m\u00e9g 2002-ben. Az oldal c\u00e9lja, hogy \u00f6sszegy\u0171jtse \u00e9s egy helyen hozz\u00e1f\u00e9rhet\u0151v\u00e9 tegye a selejtez\u00e9st, ki\u00e1rus\u00edt\u00e1st tart\u00f3 mag\u00e1nszem\u00e9lyek, c\u00e9gek aktu\u00e1lis aj\u00e1nlatait. Az oldalhoz szorosan kapcsol\u00f3dik a PULI-MTKSZ (imm\u00e1ron) Kft. likvid\u00e1ci\u00f3s tev\u00e9kenys\u00e9ge, melynek keret\u00e9ben megv\u00e1s\u00e1rolja, elsz\u00e1ll\u00edtja, \u00e9s feldolgozza a haszn\u00e1laton k\u00edv\u00fcli, leselejtezett sz\u00e1m\u00edt\u00e1stechnikai \u00e9s telekommunik\u00e1ci\u00f3s eszk\u00f6z\u00f6ket [&hellip;]<\/p>\n","protected":false},"author":1,"featured_media":0,"parent":0,"menu_order":0,"comment_status":"closed","ping_status":"closed","template":"","meta":{"footnotes":""},"class_list":["post-7","page","type-page","status-publish","hentry"],"_links":{"self":[{"href":"https:\/\/selejtezes.hu\/index.php\/wp-json\/wp\/v2\/pages\/7","targetHints":{"allow":["GET"]}}],"collection":[{"href":"https:\/\/selejtezes.hu\/index.php\/wp-json\/wp\/v2\/pages"}],"about":[{"href":"https:\/\/selejtezes.hu\/index.php\/wp-json\/wp\/v2\/types\/page"}],"author":[{"embeddable":true,"href":"https:\/\/selejtezes.hu\/index.php\/wp-json\/wp\/v2\/users\/1"}],"replies":[{"embeddable":true,"href":"https:\/\/selejtezes.hu\/index.php\/wp-json\/wp\/v2\/comments?post=7"}],"version-history":[{"count":1,"href":"https:\/\/selejtezes.hu\/index.php\/wp-json\/wp\/v2\/pages\/7\/revisions"}],"predecessor-version":[{"id":8,"href":"https:\/\/selejtezes.hu\/index.php\/wp-json\/wp\/v2\/pages\/7\/revisions\/8"}],"wp:attachment":[{"href":"https:\/\/selejtezes.hu\/index.php\/wp-json\/wp\/v2\/media?parent=7"}],"curies":[{"name":"wp","href":"https:\/\/api.w.org\/{rel}","templated":true}]}}